{"id":95,"date":"2022-01-13T21:47:39","date_gmt":"2022-01-13T21:47:39","guid":{"rendered":"https:\/\/masel.info\/?page_id=95"},"modified":"2026-02-08T17:45:02","modified_gmt":"2026-02-08T17:45:02","slug":"information","status":"publish","type":"page","link":"https:\/\/masel.info\/?page_id=95","title":{"rendered":"Information"},"content":{"rendered":"\n<p>Haben sie Fragen zu den genannten M\u00f6glichkeiten einer osteopathischen Behandlung, beraten wir Sie gerne.<br>Die Osteopathie ist eine f\u00fcnfj\u00e4hrige berufsbegleitende Zusatzausbildung, die von \u00c4rzten, Heilpraktikern, sowie von Physiotherapeuten angewendet wird.<br>Sie k\u00f6nnen an der Mitgliedschaft ihres Therapeuten in einem Osteopathie-Verband erkennen, ob dieser eine fundierte medizinische und osteopathische Ausbildung absolviert hat (z.B. www.r-o-d.info).<\/p>\n\n\n\n<p>Bahandlungskosten:<br>Zu uns kommen Selbstzahler und Privatpatienten bzw. gesetzlich Versicherte mit einer Heilpraktikerzusatzversicherung. Im Falle einer privaten (Zusatz-) Versicherung k\u00f6nnen wir nach Geb\u00fcH der Heilpraktiker abrechnen, bitte informieren Sie sich hierzu bei ihrer Krankenkasse. Vereinzelt zahlen auch gesetzliche Versicherer die Osteopathie wie z.B. die Techniker Krankenkasse. Informieren Sie sich also bei Ihrer Kasse ob sie die Behandlungskosten f\u00fcr Osteopathie \u00fcbernehmen.<\/p>\n\n\n\n<p>Organisatorisches:<br>Eine osteopathische Behandlung dauert bei uns in der Regel eine Stunde. In der ersten Sitzung findet eine genaue Anamnese (Erfassung der Krankengeschichte) und Untersuchung statt. Bitte bringen Sie hierzu, so weit vorhanden, Untersuchungsergebnisse ihres Arztes wie z.B. Blutbild, R\u00f6ntgenbild usw. mit.<br>Im Anschluss an eine osteopathische Behandlung empfehlen wir gen\u00fcgend Zeit und Ruhe, um die Regeneration zu unterst\u00fctzen.<\/p>\n\n\n<script\n  id=\"lemmyFlansch\"\n    data-token=\"87027031-62f5-43f3-9c34-f00a63aca145\"\n    data-floating-side=\"right\"\n    src=\"https:\/\/my.lemniscus.de\/js\/lemmyFlansch.js\"><!-- nicht l\u00f6schen --><\/script>","protected":false},"excerpt":{"rendered":"<p>Haben sie Fragen zu den genannten M\u00f6glichkeiten einer osteopathischen Behandlung, beraten wir Sie gerne.Die Osteopathie ist eine f\u00fcnfj\u00e4hrige berufsbegleitende Zusatzausbildung, die von \u00c4rzten, Heilpraktikern, sowie von Physiotherapeuten angewendet wird.Sie k\u00f6nnen an der Mitgliedschaft ihres Therapeuten in einem Osteopathie-Verband erkennen, ob dieser eine fundierte medizinische und osteopathische Ausbildung absolviert hat (z.B. www.r-o-d.info). Bahandlungskosten:Zu uns kommen Selbstzahler &hellip; <\/p>\n<p class=\"link-more\"><a href=\"https:\/\/masel.info\/?page_id=95\" class=\"more-link\"><span class=\"screen-reader-text\">\u201eInformation\u201c <\/span>weiterlesen<\/a><\/p>\n","protected":false},"author":1,"featured_media":0,"parent":0,"menu_order":0,"comment_status":"closed","ping_status":"closed","template":"","meta":{"footnotes":""},"class_list":["post-95","page","type-page","status-publish","hentry"],"_links":{"self":[{"href":"https:\/\/masel.info\/index.php?rest_route=\/wp\/v2\/pages\/95","targetHints":{"allow":["GET"]}}],"collection":[{"href":"https:\/\/masel.info\/index.php?rest_route=\/wp\/v2\/pages"}],"about":[{"href":"https:\/\/masel.info\/index.php?rest_route=\/wp\/v2\/types\/page"}],"author":[{"embeddable":true,"href":"https:\/\/masel.info\/index.php?rest_route=\/wp\/v2\/users\/1"}],"replies":[{"embeddable":true,"href":"https:\/\/masel.info\/index.php?rest_route=%2Fwp%2Fv2%2Fcomments&post=95"}],"version-history":[{"count":3,"href":"https:\/\/masel.info\/index.php?rest_route=\/wp\/v2\/pages\/95\/revisions"}],"predecessor-version":[{"id":251,"href":"https:\/\/masel.info\/index.php?rest_route=\/wp\/v2\/pages\/95\/revisions\/251"}],"wp:attachment":[{"href":"https:\/\/masel.info\/index.php?rest_route=%2Fwp%2Fv2%2Fmedia&parent=95"}],"curies":[{"name":"wp","href":"https:\/\/api.w.org\/{rel}","templated":true}]}}