{"id":32,"date":"2022-01-13T20:41:18","date_gmt":"2022-01-13T20:41:18","guid":{"rendered":"https:\/\/masel.info\/?page_id=32"},"modified":"2026-02-08T17:45:16","modified_gmt":"2026-02-08T17:45:16","slug":"behandlungsschwerpunkte","status":"publish","type":"page","link":"https:\/\/masel.info\/?page_id=32","title":{"rendered":"Behandlungsschwerpunkte"},"content":{"rendered":"\n<p>BABYS<\/p>\n\n\n\n<ul class=\"wp-block-list\"><li>Schrei-\/ Spuckkinder<\/li><li>Bl\u00e4hungen<\/li><li>nach langen, schweren Entbindungen, Kaiserschnitt, Saugglocke oder Geburtszange<\/li><li>Asymmetrie des Kopfes<\/li><li>als Prophylaxe nach der Geburt<\/li><\/ul>\n\n\n\n<p>KINDER<\/p>\n\n\n\n<ul class=\"wp-block-list\"><li>nach St\u00fcrzen<\/li><li>Kopf- &amp; Bauchbeschwerden<\/li><li>Lern- &amp; Konzentrationsproblemen<\/li><li>Entwicklungsverz\u00f6gerung<\/li><li>Wirbels\u00e4ulenproblemen<\/li><li>Begleitung bei kieferorthop\u00e4dischen Behandlungen<\/li><li>ADHS (= Aufmerksamkeitsdefizit-Hyperaktivit\u00e4tssyndrom)<\/li><\/ul>\n\n\n\n<p>ERWACHSENE<\/p>\n\n\n\n<ul class=\"wp-block-list\"><li>Schmerzen: Kopf, Wirbels\u00e4ule, Gelenke<\/li><li>nach Unf\u00e4llen: Schleudertrauma, St\u00fcrze<\/li><li>nach Operationen: z.B. Narbenmobilisierung<\/li><li>Organe: z.B. Verdauungs- &amp; Menstruationsbeschwerden<\/li><li>Begleitung von Frauen w\u00e4hrend der Schwangerschaft<\/li><\/ul>\n\n\n<script\n  id=\"lemmyFlansch\"\n    data-token=\"87027031-62f5-43f3-9c34-f00a63aca145\"\n    data-floating-side=\"right\"\n    src=\"https:\/\/my.lemniscus.de\/js\/lemmyFlansch.js\"><!-- nicht l\u00f6schen --><\/script>","protected":false},"excerpt":{"rendered":"<p>BABYS Schrei-\/ Spuckkinder Bl\u00e4hungen nach langen, schweren Entbindungen, Kaiserschnitt, Saugglocke oder Geburtszange Asymmetrie des Kopfes als Prophylaxe nach der Geburt KINDER nach St\u00fcrzen Kopf- &amp; Bauchbeschwerden Lern- &amp; Konzentrationsproblemen Entwicklungsverz\u00f6gerung Wirbels\u00e4ulenproblemen Begleitung bei kieferorthop\u00e4dischen Behandlungen ADHS (= Aufmerksamkeitsdefizit-Hyperaktivit\u00e4tssyndrom) ERWACHSENE Schmerzen: Kopf, Wirbels\u00e4ule, Gelenke nach Unf\u00e4llen: Schleudertrauma, St\u00fcrze nach Operationen: z.B. Narbenmobilisierung Organe: z.B. Verdauungs- &amp; &hellip; <\/p>\n<p class=\"link-more\"><a href=\"https:\/\/masel.info\/?page_id=32\" class=\"more-link\"><span class=\"screen-reader-text\">\u201eBehandlungsschwerpunkte\u201c <\/span>weiterlesen<\/a><\/p>\n","protected":false},"author":1,"featured_media":0,"parent":0,"menu_order":0,"comment_status":"closed","ping_status":"closed","template":"","meta":{"footnotes":""},"class_list":["post-32","page","type-page","status-publish","hentry"],"_links":{"self":[{"href":"https:\/\/masel.info\/index.php?rest_route=\/wp\/v2\/pages\/32","targetHints":{"allow":["GET"]}}],"collection":[{"href":"https:\/\/masel.info\/index.php?rest_route=\/wp\/v2\/pages"}],"about":[{"href":"https:\/\/masel.info\/index.php?rest_route=\/wp\/v2\/types\/page"}],"author":[{"embeddable":true,"href":"https:\/\/masel.info\/index.php?rest_route=\/wp\/v2\/users\/1"}],"replies":[{"embeddable":true,"href":"https:\/\/masel.info\/index.php?rest_route=%2Fwp%2Fv2%2Fcomments&post=32"}],"version-history":[{"count":3,"href":"https:\/\/masel.info\/index.php?rest_route=\/wp\/v2\/pages\/32\/revisions"}],"predecessor-version":[{"id":252,"href":"https:\/\/masel.info\/index.php?rest_route=\/wp\/v2\/pages\/32\/revisions\/252"}],"wp:attachment":[{"href":"https:\/\/masel.info\/index.php?rest_route=%2Fwp%2Fv2%2Fmedia&parent=32"}],"curies":[{"name":"wp","href":"https:\/\/api.w.org\/{rel}","templated":true}]}}