{"id":28,"date":"2022-01-13T20:41:18","date_gmt":"2022-01-13T20:41:18","guid":{"rendered":"https:\/\/masel.info\/?page_id=28"},"modified":"2025-07-30T19:11:54","modified_gmt":"2025-07-30T19:11:54","slug":"impressum","status":"publish","type":"page","link":"https:\/\/masel.info\/?page_id=28","title":{"rendered":"Impressum"},"content":{"rendered":"\n<p>Adresse:<br>Naturheilpraxis f\u00fcr Osteopathie<br>Gesch\u00e4ftsf\u00fchrer: Heilpraktiker Martin Masel D.O. (DOK)<br>Bahnhofstr. 8<br>83043 Bad Aibling<\/p>\n\n\n\n<p>Telefon: 08061 \/ 9377020<br>Telefax: 08061 \/ 9377019<br>email: Bitte Kontaktformular benutzen<br>Web: https:\/\/masel.info<\/p>\n\n\n\n<p>zust\u00e4ndiges Finanzamt: FA Rosenheim mit ASt Wbg.<\/p>\n\n\n\n<p>Wirtschafts-ID-Nr: DE433575352<\/p>\n\n\n\n<p>Berufsrechtliche Regelungen:<\/p>\n\n\n\n<p>Gesetz \u00fcber die berufsm\u00e4\u00dfige Aus\u00fcbung der Heilkunde ohne \u00e4rztliche Bestallung (Heilpraktikergesetz) und Durchf\u00fchrungsverordnung:<\/p>\n\n\n\n<p>Nachzulesen im Internet unter<\/p>\n\n\n\n<p><a href=\"http:\/\/www.gesetze-im-internet.de\/heilprg\/index.html\">http:\/\/www.gesetze-im-internet.de\/heilprg\/index.html<\/a> und <a href=\"http:\/\/www.gesetzte-im-Internet.de\/heilprgdv_1\/index.html\">http:\/\/www.gesetzte-im-internet.de\/heilprgdv_1\/index.html<\/a><br> <br>Inhaltlich Verantwortliche gem. \u00a7 <em>18 Abs. 2 MStV<\/em>:<br>Martin Masel D.O. (DOK)<br>die Berufsbezeichnung lautet Heilpraktiker (HP\/Deutschland), die berufsrechtliche Regelung bildet das Heilpraktiker-Gesetz (HeilprG).<br>Die zust\u00e4ndige Beh\u00f6rde ist das Staatliche Gesundheitsamt Rosenheim, Prinzregentenstr. 19, 83022 Rosenheim,<br>Telefon: 08031\/392-6203.<br>Die Berufsbezeichnung lautet Physiotherapeut (Deutschland), die berufsrechtiliche Regelung bildet das Masseur- und Physiotherapeutengesetz (MPhG). Die zust\u00e4ndige Beh\u00f6rde ist die Regierung von Oberbayern, Maximilianstr. 39, 80538 M\u00fcnchen, Telefon: 089\/2176-0<\/p>\n\n\n\n<p>Inhaltsinformation:<br>Die Osteopathie wird in der Naturheilkunde mit positiven Erfahrungen angewandt. Obgleich sie in der Schulmedizin umstritten ist und ein wissenschaftlicher Wirkungsnachweis weiterhin aussteht.<br>Aus rechtlichen Gr\u00fcnden m\u00f6chten wir Sie darauf hinweisen, dass alle hier auf der Homepage vorgestellten Methoden und Therapien Verfahren naturheilkundlicher Erfahrungsmedizin sind. Diese Therapien werden von der Medizin nicht anerkannt, ihre Wirksamkeit ist nicht belegt. Alle getroffenen Aussagen \u00fcber Eigenschaft und Wirkung sowie Indikationen der vorgestellten Therapieverfahren beruhen auf Erkenntnissen und Erfahrungen in der jeweiligen Therapierichtung selbst. Der Abschluss D.O. (DOK) bezeichnet Demonstration osteopathischer Kompetenz<\/p>\n\n\n\n<p>Inhalt des Onlineangebotes:<br>Der Autor \u00fcbernimmt keinerlei Gew\u00e4hr f\u00fcr die Aktualit\u00e4t, Korrektheit, Vollst\u00e4ndigkeit oder Qualit\u00e4t der bereitgestellten Informationen. Haftungsanspr\u00fcche gegen den Autor, welche sich auf Sch\u00e4den materieller oder ideeller Art beziehen, die durch die Nutzung oder Nichtnutzung der dargebotenen Informationen bzw. durch die Nutzung fehlerhafter und unvollst\u00e4ndiger Informationen verursacht wurden, sind grunds\u00e4tzlich ausgeschlossen, sofern seitens des Autors kein nachweislich vors\u00e4tzliches oder grob fahrl\u00e4ssiges Verschulden vorliegt.<br>Alle Angebote sind freibleibend und unverbindlich. Der Autor beh\u00e4lt es sich ausdr\u00fccklich vor, Teile der Seiten oder das gesamte Angebot ohne gesonderte Ank\u00fcndigung zu ver\u00e4ndern, zu erg\u00e4nzen, zu l\u00f6schen oder die Ver\u00f6ffentlichung zeitweise oder endg\u00fcltig einzustellen.<br>Ferner weisen wir darauf hin, da\u00df diese Seite nur zur Information und nicht zur Selbstbehandlung dient.<\/p>\n\n\n\n<p>Verweise und Links<br>Bei direkten oder indirekten Verweisen auf fremde Webseiten (&#8222;Hyperlinks&#8220;), die au\u00dferhalb des Verantwortungsbereiches des Autors liegen, w\u00fcrde eine Haftungsverpflichtung ausschlie\u00dflich in dem Fall in Kraft treten, in dem der Autor von den Inhalten Kenntnis hat und es ihm technisch m\u00f6glich und zumutbar w\u00e4re, die Nutzung im Falle rechtswidriger Inhalte zu verhindern.<br>Der Autor erkl\u00e4rt hiermit ausdr\u00fccklich, dass zum Zeitpunkt der Linksetzung keine illegalen Inhalte auf den zu verlinkenden Seiten erkennbar waren. Auf die aktuelle und zuk\u00fcnftige Gestaltung, die Inhalte oder die Urheberschaft der verlinkten\/verkn\u00fcpften Seiten hat der Autor keinerlei Einfluss. Deshalb distanziert er sich hiermit ausdr\u00fccklich von allen Inhalten aller verlinkten \/verkn\u00fcpften Seiten, die nach der Linksetzung ver\u00e4ndert wurden. Diese Feststellung gilt f\u00fcr alle innerhalb des eigenen Internetangebotes gesetzten Links und Verweise sowie f\u00fcr Fremdeintr\u00e4ge in vom Autor eingerichteten G\u00e4steb\u00fcchern, Diskussionsforen, Linkverzeichnissen, Mailinglisten und in allen anderen Formen von Datenbanken, auf deren Inhalt externe Schreibzugriffe m\u00f6glich sind. F\u00fcr illegale, fehlerhafte oder unvollst\u00e4ndige Inhalte und insbesondere f\u00fcr Sch\u00e4den, die aus der Nutzung oder Nichtnutzung solcherart dargebotener Informationen entstehen, haftet allein der Anbieter der Seite, auf welche verwiesen wurde, nicht derjenige, der \u00fcber Links auf die jeweilige Ver\u00f6ffentlichung lediglich verweist.<\/p>\n\n\n\n<p>Online-Terminbuchung:<\/p>\n\n\n\n<p>Wir nutzen die Online-Terminvergabe von Lemniscus. Dies ist ein Service der pgt technology scouting GmbH, Ruschgraben 51, 76139 Karlsruhe. Mit der Lemniscus-Online-Terminvergabe k\u00f6nnen Sie online einen Termin in unserer Praxis reservieren.<\/p>\n\n\n\n<p>Bei der Nutzung der Lemniscus-Online-Terminvergabe werden verschiedene Daten verarbeitet. Der Umfang der Datenverarbeitung h\u00e4ngt davon ab, welche Angaben Sie machen. Insbesondere folgende personenbezogene Daten sind Gegenstand der Verarbeitung:<\/p>\n\n\n\n<p>Pers\u00f6nliche Daten: Vorname, Nachname, Geschlecht, Geburtsdatum, E-Mail-Adresse, Telefonnummer, Anschrift, Angaben in Eingabe-Textfeldern, Ausgew\u00e4hlte Leistung, Terminwunsch, IP-Adressen, Ger\u00e4te-\/Hardware-Informationen<\/p>\n\n\n\n<p>Nach Eingabe Ihrer Daten im Anfrageformular m\u00fcssen Sie zur Verifizierung einen pers\u00f6nlichen Code anfordern und eingeben. Diesen senden wir Ihnen an die von Ihnen angegebene E-Mail-Adresse. Der Code kann auch f\u00fcr zuk\u00fcnftige Terminbuchungen verwendet werden. Anschlie\u00dfend k\u00f6nnen Sie die gew\u00fcnschte Leistung ausw\u00e4hlen und auf der Folgeseite nach einem passenden Zeitfenster suchen. Nach dem Sie einen Termin ausgew\u00e4hlt haben, best\u00e4tigen Sie die Reservierung durch Anklicken des \u201eBuchen-Buttons\u201c. Sie haben die M\u00f6glichkeit, mir im Textfeld weitere Angaben zukommen zu lassen.<\/p>\n\n\n\n<p>Bitte hinterlassen Sie hier keine gesundheitsbezogenen Angaben. Es werden keine Inhalte \u00fcber diesen Dienst ausgetauscht, die einen hohen Schutzbedarf haben oder streng vertraulich sind, z.B. Angaben \u00fcber Ihre Gesundheit.&nbsp;S\u00e4mtliche Inhalte werden verschl\u00fcsselt \u00fcbertragen.<\/p>\n\n\n\n<p>Eine Verarbeitung der personenbezogenen Daten in einem Drittland findet nicht statt. Ich habe mit dem Anbieter von der Online-Terminvergabe einen Auftragsverarbeitungsvertrag geschlossen, der den Anforderungen von Art. 28 DSGVO entspricht. Personenbezogene Daten, die im Zusammenhang mit der Online-Terminvergabe verarbeitet werden, werden grunds\u00e4tzlich nicht an Dritte weitergegeben. Der Anbieter sowie etwaige Subauftragnehmer erhalten notwendigerweise Kenntnis von den verarbeiteten Daten, soweit dies im Rahmen des Auftragsverarbeitungsvertrages bzw. etwaiger Vertragsverh\u00e4ltnisse mit Subauftragnehmern erforderlich bzw. vorgesehen ist.<\/p>\n\n\n\n<p>Ich verarbeite und speichere Ihre personenbezogenen Daten, solange es f\u00fcr die Erf\u00fcllung meiner vertraglichen und gesetzlichen Pflichten erforderlich ist. Sofern die Speicherung personenbezogener Daten zur Erf\u00fcllung dieser Pflichten nicht mehr erforderlich ist, werden diese gel\u00f6scht, es sei denn, es bestehen gesetzliche Aufbewahrungspflichten, wie etwa handelsrechtliche oder steuerrechtliche Aufbewahrungspflichten aus Abgabenordnung, Handelsgesetzbuch (6 oder 10 Jahre). Nach \u00a7 630 f Abs. 3 B\u00fcrgerliches Gesetzbuch betr\u00e4gt die Aufbewahrungsfrist f\u00fcr die Patientenakte 10 Jahre nach Abschluss der Behandlung, soweit nicht nach anderen Vorschriften andere Aufbewahrungsfristen bestehen.<\/p>\n\n\n\n<p>Im Falle einer Verarbeitung auf Grundlage einer Einwilligung verarbeiten wir die Daten bis zum Zeitpunkt des Widerrufs Ihrer Einwilligung.<\/p>\n\n\n\n<p>Die Rechtsgrundlage f\u00fcr die geschilderte Datenverarbeitung bildet Art. 6 Abs. 1 S. 1 lit. b DSGVO. Die Verarbeitung ist zur Durchf\u00fchrung vorvertraglicher Ma\u00dfnahmen erforderlich, die auf Ihre Anfrage erfolgen.<\/p>\n\n\n\n<p>Weitere Informationen zur Datenverarbeitung durch den Anbieter finden Sie in den Datenschutzinformationen, abrufbar unter&nbsp;https:\/\/lemniscus.de\/datenschutzerklaerung.html<\/p>\n\n\n\n<p>Urheber- und Kennzeichenrecht<br>Der Autor ist bestrebt, in allen Publikationen die Urheberrechte der verwendeten Bilder, Grafiken, Tondokumente, Videosequenzen und Texte zu beachten, von ihm selbst erstellte Bilder, Grafiken, Tondokumente, Videosequenzen und Texte zu nutzen oder auf lizenzfreie Grafiken, Tondokumente, Videosequenzen und Texte zur\u00fcckzugreifen.<br>Alle innerhalb des Internetangebotes genannten und ggf. durch Dritte gesch\u00fctzten Marken- und Warenzeichen unterliegen uneingeschr\u00e4nkt den Bestimmungen des jeweils g\u00fcltigen Kennzeichenrechts und den Besitzrechten der jeweiligen eingetragenen Eigent\u00fcmer. Allein aufgrund der blo\u00dfen Nennung ist nicht der Schluss zu ziehen, dass Markenzeichen nicht durch Rechte Dritter gesch\u00fctzt sind!<br>Das Copyright f\u00fcr ver\u00f6ffentlichte, vom Autor selbst erstellte Objekte bleibt allein beim Autor der Seiten. Eine Vervielf\u00e4ltigung oder Verwendung solcher Grafiken, Tondokumente, Videosequenzen und Texte in anderen elektronischen oder gedruckten Publikationen ist ohne ausdr\u00fcckliche Zustimmung des Autors nicht gestattet.<\/p>\n\n\n\n<p>Datenschutz<br>Sofern innerhalb des Internetangebotes die M\u00f6glichkeit zur Eingabe pers\u00f6nlicher oder gesch\u00e4ftlicher Daten (Emailadressen, Namen, Anschriften) besteht, so erfolgt die Preisgabe dieser Daten seitens des Nutzers auf ausdr\u00fccklich freiwilliger Basis. Die Inanspruchnahme und Bezahlung aller angebotenen Dienste ist &#8211; soweit technisch m\u00f6glich und zumutbar &#8211; auch ohne Angabe solcher Daten bzw. unter Angabe anonymisierter Daten oder eines Pseudonyms gestattet. Die Nutzung der im Rahmen des Impressums oder vergleichbarer Angaben ver\u00f6ffentlichten Kontaktdaten wie Postanschriften, Telefon- und Faxnummern sowie Emailadressen durch Dritte zur \u00dcbersendung von nicht ausdr\u00fccklich angeforderten Informationen ist nicht gestattet. Rechtliche Schritte gegen die Versender von sogenannten Spam-Mails bei Verst\u00f6ssen gegen dieses Verbot sind ausdr\u00fccklich vorbehalten.<br>Rechtswirksamkeit dieses Haftungsausschlusses<br>Dieser Haftungsausschluss ist als Teil des Internetangebotes zu betrachten, von dem aus auf diese Seite verwiesen wurde. Sofern Teile oder einzelne Formulierungen dieses Textes der geltenden Rechtslage nicht, nicht mehr oder nicht vollst\u00e4ndig entsprechen sollten, bleiben die \u00fcbrigen Teile des Dokumentes in ihrem Inhalt und ihrer G\u00fcltigkeit davon unber\u00fchrt.<\/p>\n\n\n\n<h2 class=\"wp-block-heading\">Streitschlichtung<br>Wir sind nicht bereit oder verpflichtet, an Streitbeilegungsverfahren vor einer Verbraucherschlichtungsstelle teilzunehmen.<\/h2>\n","protected":false},"excerpt":{"rendered":"<p>Adresse:Naturheilpraxis f\u00fcr OsteopathieGesch\u00e4ftsf\u00fchrer: Heilpraktiker Martin Masel D.O. (DOK)Bahnhofstr. 883043 Bad Aibling Telefon: 08061 \/ 9377020Telefax: 08061 \/ 9377019email: Bitte Kontaktformular benutzenWeb: https:\/\/masel.info zust\u00e4ndiges Finanzamt: FA Rosenheim mit ASt Wbg. Wirtschafts-ID-Nr: DE433575352 Berufsrechtliche Regelungen: Gesetz \u00fcber die berufsm\u00e4\u00dfige Aus\u00fcbung der Heilkunde ohne \u00e4rztliche Bestallung (Heilpraktikergesetz) und Durchf\u00fchrungsverordnung: Nachzulesen im Internet unter http:\/\/www.gesetze-im-internet.de\/heilprg\/index.html und http:\/\/www.gesetzte-im-internet.de\/heilprgdv_1\/index.html Inhaltlich Verantwortliche &hellip; <\/p>\n<p class=\"link-more\"><a href=\"https:\/\/masel.info\/?page_id=28\" class=\"more-link\"><span class=\"screen-reader-text\">\u201eImpressum\u201c <\/span>weiterlesen<\/a><\/p>\n","protected":false},"author":1,"featured_media":0,"parent":0,"menu_order":0,"comment_status":"closed","ping_status":"closed","template":"","meta":{"footnotes":""},"class_list":["post-28","page","type-page","status-publish","hentry"],"_links":{"self":[{"href":"https:\/\/masel.info\/index.php?rest_route=\/wp\/v2\/pages\/28","targetHints":{"allow":["GET"]}}],"collection":[{"href":"https:\/\/masel.info\/index.php?rest_route=\/wp\/v2\/pages"}],"about":[{"href":"https:\/\/masel.info\/index.php?rest_route=\/wp\/v2\/types\/page"}],"author":[{"embeddable":true,"href":"https:\/\/masel.info\/index.php?rest_route=\/wp\/v2\/users\/1"}],"replies":[{"embeddable":true,"href":"https:\/\/masel.info\/index.php?rest_route=%2Fwp%2Fv2%2Fcomments&post=28"}],"version-history":[{"count":11,"href":"https:\/\/masel.info\/index.php?rest_route=\/wp\/v2\/pages\/28\/revisions"}],"predecessor-version":[{"id":234,"href":"https:\/\/masel.info\/index.php?rest_route=\/wp\/v2\/pages\/28\/revisions\/234"}],"wp:attachment":[{"href":"https:\/\/masel.info\/index.php?rest_route=%2Fwp%2Fv2%2Fmedia&parent=28"}],"curies":[{"name":"wp","href":"https:\/\/api.w.org\/{rel}","templated":true}]}}