{"id":27,"date":"2022-01-13T20:41:18","date_gmt":"2022-01-13T20:41:18","guid":{"rendered":"https:\/\/masel.info\/?page_id=27"},"modified":"2026-02-08T17:44:19","modified_gmt":"2026-02-08T17:44:19","slug":"der-weg-zu-uns","status":"publish","type":"page","link":"https:\/\/masel.info\/?page_id=27","title":{"rendered":"Der Weg zu uns"},"content":{"rendered":"\n<div class=\"wp-block-columns is-layout-flex wp-container-core-columns-is-layout-9d6595d7 wp-block-columns-is-layout-flex\">\n<div class=\"wp-block-column is-layout-flow wp-block-column-is-layout-flow\">\n<figure class=\"wp-block-image size-full\"><img loading=\"lazy\" decoding=\"async\" width=\"280\" height=\"288\" src=\"https:\/\/masel.info\/wp-content\/uploads\/2022\/01\/Anfahrtsskizze.jpg\" alt=\"\" class=\"wp-image-101\"\/><\/figure>\n<\/div>\n\n\n\n<div class=\"wp-block-column is-layout-flow wp-block-column-is-layout-flow\">\n<figure class=\"wp-block-image size-full is-resized\"><img loading=\"lazy\" decoding=\"async\" width=\"333\" height=\"168\" src=\"https:\/\/masel.info\/wp-content\/uploads\/2022\/01\/Baum-weiss.jpg\" alt=\"\" class=\"wp-image-103\" style=\"width:200px;height:100px\" srcset=\"https:\/\/masel.info\/wp-content\/uploads\/2022\/01\/Baum-weiss.jpg 333w, https:\/\/masel.info\/wp-content\/uploads\/2022\/01\/Baum-weiss-300x151.jpg 300w\" sizes=\"auto, (max-width: 333px) 100vw, 333px\" \/><\/figure>\n\n\n\n<p>Bahnhofstra\u00dfe 8<br \/>83043 Bad Aibling<\/p>\n\n\n\n<p>Terminvereinbarung unter<br \/>Telefon 08061-9377020<\/p>\n\n\n\n<p>Termine nur nach telefonischer Vereinbarung<\/p>\n<\/div>\n<\/div>\n\n\n\n<p>Haben sie Fragen zu den genannten M\u00f6glichkeiten einer osteopathischen Behandlung, beraten wir Sie gerne.<br \/>Die Osteopathie ist eine f\u00fcnfj\u00e4hrige berufsbegleitende Zusatzausbildung, die von \u00c4rzten, Heilpraktikern, sowie von Physiotherapeuten angewendet wird.<br \/>Sie k\u00f6nnen an der Mitgliedschaft ihres Therapeuten in einem Osteopathie-Verband erkennen, ob dieser eine fundierte, medizinische und osteopathische Ausbildung absolviert hat (z.B. www.r-o-d.info).<\/p>\n\n\n\n<p>Bahandlungskosten:<br \/>Zu uns kommen Selbstzahler und Privatpatienten bzw. gesetzlich Versicherte mit einer Heilpraktikerzusatzversicherung. Im Falle einer privaten (Zusatz-) Versicherung k\u00f6nnen wir nach Geb\u00fcH der Heilpraktiker abrechnen, bitte informieren Sie sich hierzu bei ihrer Krankenkasse. Vereinzelt zahlen auch gesetzliche Versicherer die Osteopathie wie z.B. die Techniker Krankenkasse. Informieren Sie sich also bei Ihrer Kasse ob sie die Behandlungskosten f\u00fcr Osteopathie \u00fcbernehmen.<\/p>\n\n\n\n<p>Organisatorisches:<br \/>Eine osteopathische Behandlung dauert bei uns in der Regel eine Stunde. In der ersten Sitzung findet eine genaue Anamnese (Erfassung der Krankengeschichte) und Untersuchung statt. Bitte bringen Sie hierzu, so weit vorhanden, Untersuchungsergebnisse ihres Arztes wie z.B. Blutbild, R\u00f6ntgenbild usw. mit.<br \/>Im Anschluss an eine osteopathische Behandlung empfehlen wir gen\u00fcgend Zeit und Ruhe, um die Regeneration zu unterst\u00fctzen.<\/p>\n\n\n<script\n  id=\"lemmyFlansch\"\n    data-token=\"87027031-62f5-43f3-9c34-f00a63aca145\"\n    data-floating-side=\"right\"\n    src=\"https:\/\/my.lemniscus.de\/js\/lemmyFlansch.js\"><!-- nicht l\u00f6schen --><\/script>","protected":false},"excerpt":{"rendered":"<p>Bahnhofstra\u00dfe 883043 Bad Aibling Terminvereinbarung unterTelefon 08061-9377020 Termine nur nach telefonischer Vereinbarung Haben sie Fragen zu den genannten M\u00f6glichkeiten einer osteopathischen Behandlung, beraten wir Sie gerne.Die Osteopathie ist eine f\u00fcnfj\u00e4hrige berufsbegleitende Zusatzausbildung, die von \u00c4rzten, Heilpraktikern, sowie von Physiotherapeuten angewendet wird.Sie k\u00f6nnen an der Mitgliedschaft ihres Therapeuten in einem Osteopathie-Verband erkennen, ob dieser eine fundierte, &hellip; <\/p>\n<p class=\"link-more\"><a href=\"https:\/\/masel.info\/?page_id=27\" class=\"more-link\"><span class=\"screen-reader-text\">\u201eDer Weg zu uns\u201c <\/span>weiterlesen<\/a><\/p>\n","protected":false},"author":1,"featured_media":0,"parent":0,"menu_order":0,"comment_status":"closed","ping_status":"closed","template":"","meta":{"footnotes":""},"class_list":["post-27","page","type-page","status-publish","hentry"],"_links":{"self":[{"href":"https:\/\/masel.info\/index.php?rest_route=\/wp\/v2\/pages\/27","targetHints":{"allow":["GET"]}}],"collection":[{"href":"https:\/\/masel.info\/index.php?rest_route=\/wp\/v2\/pages"}],"about":[{"href":"https:\/\/masel.info\/index.php?rest_route=\/wp\/v2\/types\/page"}],"author":[{"embeddable":true,"href":"https:\/\/masel.info\/index.php?rest_route=\/wp\/v2\/users\/1"}],"replies":[{"embeddable":true,"href":"https:\/\/masel.info\/index.php?rest_route=%2Fwp%2Fv2%2Fcomments&post=27"}],"version-history":[{"count":6,"href":"https:\/\/masel.info\/index.php?rest_route=\/wp\/v2\/pages\/27\/revisions"}],"predecessor-version":[{"id":250,"href":"https:\/\/masel.info\/index.php?rest_route=\/wp\/v2\/pages\/27\/revisions\/250"}],"wp:attachment":[{"href":"https:\/\/masel.info\/index.php?rest_route=%2Fwp%2Fv2%2Fmedia&parent=27"}],"curies":[{"name":"wp","href":"https:\/\/api.w.org\/{rel}","templated":true}]}}